{"id":1985,"date":"2019-07-08T11:36:36","date_gmt":"2019-07-08T11:36:36","guid":{"rendered":"https:\/\/puruno.com\/kastel\/?page_id=1985"},"modified":"2025-05-01T08:43:16","modified_gmt":"2025-05-01T08:43:16","slug":"ubicacion-y-contacto","status":"publish","type":"page","link":"https:\/\/www.parkplaza.cl\/pt\/ubicacion-y-contacto\/","title":{"rendered":"Ubicaci\u00f3n &#038; Contacto"},"content":{"rendered":"<p>[vc_row full_width=&#8221;stretch_row&#8221; gap=&#8221;&#8221; parallax=&#8221;content-moving&#8221; parallax_image=&#8221;3704&#8243; css=&#8221;.vc_custom_1582583452620{padding-top: 180px !important;padding-bottom: 180px !important;}&#8221;][vc_column][\/vc_column][\/vc_row][vc_row gap=&#8221;&#8221; equal_height=&#8221;yes&#8221; content_placement=&#8221;bottom&#8221; css=&#8221;.vc_custom_1582583487962{padding-top: 30px !important;padding-bottom: 60px !important;}&#8221;][vc_column width=&#8221;1\/2&#8243; css=&#8221;.vc_custom_1582584141024{margin-top: -60px !important;margin-bottom: -40px !important;padding-right: 10px !important;padding-left: 10px !important;}&#8221;][vc_column_text css=&#8221;.vc_custom_1582584075967{margin-top: -20px !important;margin-bottom: 0px !important;padding-right: 10px !important;padding-left: 10px !important;background-color: #ffffff !important;}&#8221;]<span style=\"font-size: 12px;\">PARK PLAZA HOTEL SANTIAGO<\/span>[\/vc_column_text][vc_column_text css=&#8221;.vc_custom_1746088951890{padding-right: 10px !important;padding-left: 10px !important;background-color: #ffffff !important;}&#8221;]<\/p>\n<h2>LOCALIZA\u00c7\u00c3O &amp; CONTATO<\/h2>\n<p>[\/vc_column_text][\/vc_column][vc_column width=&#8221;1\/2&#8243;][\/vc_column][\/vc_row][vc_row gap=&#8221;&#8221; css=&#8221;.vc_custom_1582584096810{margin-top: -20px !important;}&#8221;][vc_column][vc_column_text css=&#8221;.vc_custom_1746088971225{background-color: #ffffff !important;}&#8221;]<span style=\"font-size: 18px;\">Localizado no centro de Providencia, o Santiago Park Plaza oferece uma localiza\u00e7\u00e3o privilegiada. Perto da Esta\u00e7\u00e3o de Metr\u00f4 Los Leones, ag\u00eancias de viagens, postos de turismo, casas de c\u00e2mbio, bancos e acesso direto aos principais destinos comerciais, tur\u00edsticos e culturais de Santiago, Chile.<br \/>\n<\/span>[\/vc_column_text][\/vc_column][\/vc_row][vc_row gap=&#8221;&#8221; css=&#8221;.vc_custom_1562659279630{padding-bottom: 100px !important;}&#8221;][vc_column width=&#8221;1\/2&#8243;][vc_gmaps link=&#8221;#E-8_JTNDaWZyYW1lJTIwc3JjJTNEJTIyaHR0cHMlM0ElMkYlMkZ3d3cuZ29vZ2xlLmNvbSUyRm1hcHMlMkZlbWJlZCUzRnBiJTNEJTIxMW0xNCUyMTFtOCUyMTFtMyUyMTFkMTMzMTkuOTI2MjU1OTY3Njg0JTIxMmQtNzAuNjA5NDQ0JTIxM2QtMzMuNDIzNzI1JTIxM20yJTIxMWkxMDI0JTIxMmk3NjglMjE0ZjEzLjElMjEzbTMlMjExbTIlMjExczB4MCUyNTNBMHhkOTM0ODZiMmVjZTk3MjMzJTIxMnNQYXJrJTI1MjBQbGF6YSUyNTIwU2FudGlhZ28lMjE1ZTAlMjEzbTIlMjExc2VzLTQxOSUyMTJzdXMlMjE0djE1ODI1ODM4OTY1NzklMjE1bTIlMjExc2VzLTQxOSUyMTJzdXMlMjIlMjB3aWR0aCUzRCUyMjYwMCUyMiUyMGhlaWdodCUzRCUyMjQ1MCUyMiUyMGZyYW1lYm9yZGVyJTNEJTIyMCUyMiUyMHN0eWxlJTNEJTIyYm9yZGVyJTNBMCUzQiUyMiUyMGFsbG93ZnVsbHNjcmVlbiUzRCUyMiUyMiUzRSUzQyUyRmlmcmFtZSUzRQ==&#8221; size=&#8221;450px&#8221;][\/vc_column][vc_column width=&#8221;1\/2&#8243;]\n<div class=\"wpcf7 no-js\" id=\"wpcf7-f942-o1\" lang=\"es-ES\" dir=\"ltr\" data-wpcf7-id=\"942\">\n<div class=\"screen-reader-response\"><p role=\"status\" aria-live=\"polite\" aria-atomic=\"true\"><\/p> <ul><\/ul><\/div>\n<form action=\"\/pt\/wp-json\/wp\/v2\/pages\/1985#wpcf7-f942-o1\" method=\"post\" class=\"wpcf7-form init\" aria-label=\"Formulario de contacto\" novalidate=\"novalidate\" data-status=\"init\">\n<fieldset class=\"hidden-fields-container\"><input type=\"hidden\" name=\"_wpcf7\" value=\"942\" \/><input type=\"hidden\" name=\"_wpcf7_version\" value=\"6.1.4\" \/><input type=\"hidden\" name=\"_wpcf7_locale\" value=\"es_ES\" \/><input type=\"hidden\" name=\"_wpcf7_unit_tag\" value=\"wpcf7-f942-o1\" \/><input type=\"hidden\" name=\"_wpcf7_container_post\" value=\"0\" \/><input type=\"hidden\" name=\"_wpcf7_posted_data_hash\" value=\"\" \/><input type=\"hidden\" name=\"_wpcf7_recaptcha_response\" value=\"\" \/>\n<\/fieldset>\n<p>[vc_row][vc_column][vc_column_text]\n<\/p>\n<div class=\"input-field\">\n\t<p><label>Nombre y Apellido<\/label><span class=\"wpcf7-form-control-wrap\" data-name=\"text-109\"><input size=\"40\" maxlength=\"400\" class=\"wpcf7-form-control wpcf7-text wpcf7-validates-as-required form-control\" aria-required=\"true\" aria-invalid=\"false\" value=\"\" type=\"text\" name=\"text-109\" \/><\/span>\n\t<\/p>\n<\/div>\n<div class=\"input-field\">\n\t<p><label>Email<\/label><span class=\"wpcf7-form-control-wrap\" data-name=\"email-212\"><input size=\"40\" maxlength=\"400\" class=\"wpcf7-form-control wpcf7-email wpcf7-validates-as-required wpcf7-text wpcf7-validates-as-email form-control\" aria-required=\"true\" aria-invalid=\"false\" value=\"\" type=\"email\" name=\"email-212\" \/><\/span>\n\t<\/p>\n<\/div>\n<div class=\"row\">\n\t<div class=\"col-md-6\">\n\t\t<div class=\"input-field\">\n\t\t\t<p><label>Tel\u00e9fono<\/label><span class=\"wpcf7-form-control-wrap\" data-name=\"text-618\"><input size=\"40\" maxlength=\"400\" class=\"wpcf7-form-control wpcf7-text wpcf7-validates-as-required form-control\" aria-required=\"true\" aria-invalid=\"false\" value=\"\" type=\"text\" name=\"text-618\" \/><\/span>\n\t\t\t<\/p>\n\t\t<\/div>\n\t<\/div>\n\t<div class=\"col-md-6\">\n\t\t<div class=\"input-field\">\n\t\t\t<p><label>Asunto<\/label><span class=\"wpcf7-form-control-wrap\" data-name=\"text-932\"><input size=\"40\" maxlength=\"400\" class=\"wpcf7-form-control wpcf7-text form-control\" aria-invalid=\"false\" value=\"\" type=\"text\" name=\"text-932\" \/><\/span>\n\t\t\t<\/p>\n\t\t<\/div>\n\t<\/div>\n<\/div>\n<div class=\"input-field text-area\">\n\t<p><label>Mensaje<\/label><span class=\"wpcf7-form-control-wrap\" data-name=\"textarea-253\"><textarea cols=\"40\" rows=\"4\" maxlength=\"2000\" class=\"wpcf7-form-control wpcf7-textarea wpcf7-validates-as-required form-control\" aria-required=\"true\" aria-invalid=\"false\" name=\"textarea-253\"><\/textarea><\/span>\n\t<\/p>\n<\/div>\n<p><br \/>\n<input class=\"wpcf7-form-control wpcf7-submit has-spinner btn btn-primary\" type=\"submit\" value=\"Enviar\" \/>[\/vc_column_text][\/vc_column][\/vc_row]\n<\/p><div class=\"wpcf7-response-output\" aria-hidden=\"true\"><\/div>\n<\/form>\n<\/div>\n<style><\/style>[\/vc_column][\/vc_row][vc_row gap=&#8221;&#8221;][vc_column][vc_column_text]<\/p>\n<h3 style=\"text-align: center;\">Park Plaza Hotel Santiago<\/h3>\n<p style=\"text-align: center;\">Avda. Ricardo Lyon 207, Providencia<br \/>\nSantiago, Chile.<\/p>\n<p style=\"text-align: center;\"><strong>email:<\/strong>\u00a0<a href=\"mailto:bookings@parkplaza.cl\">bookings@parkplaza.cl<\/a><br \/>\n<strong>tel:<\/strong> <a href=\"tel:223724000\">+562 23724000<\/a><br \/>\n<strong>tel:<\/strong> <a href=\"tel:223724010\">+562 23724010<\/a><br \/>\n<strong>fax:<\/strong> +562 22336668 \/ +562 22338521<\/p>\n<p>[\/vc_column_text][vc_empty_space height=&#8221;0&#8243; height2=&#8221;20&#8243;][\/vc_column][\/vc_row]<\/p>","protected":false},"excerpt":{"rendered":"<p>[vc_row full_width=&#8221;stretch_row&#8221; gap=&#8221;&#8221; parallax=&#8221;content-moving&#8221; parallax_image=&#8221;3704&#8243; css=&#8221;.vc_custom_1582583452620{padding-top: 180px !important;padding-bottom: 180px !important;}&#8221;][vc_column][\/vc_column][\/vc_row][vc_row gap=&#8221;&#8221; equal_height=&#8221;yes&#8221; content_placement=&#8221;bottom&#8221; css=&#8221;.vc_custom_1582583487962{padding-top: 30px !important;padding-bottom: 60px !important;}&#8221;][vc_column width=&#8221;1\/2&#8243; css=&#8221;.vc_custom_1582584141024{margin-top: -60px !important;margin-bottom: -40px !important;padding-right: 10px !important;padding-left: 10px !important;}&#8221;][vc_column_text css=&#8221;.vc_custom_1582584075967{margin-top: -20px !important;margin-bottom: 0px !important;padding-right: 10px !important;padding-left: 10px !important;background-color: #ffffff !important;}&#8221;]PARK PLAZA HOTEL SANTIAGO[\/vc_column_text][vc_column_text css=&#8221;.vc_custom_1746088951890{padding-right: 10px !important;padding-left: 10px !important;background-color: #ffffff !important;}&#8221;] LOCALIZA\u00c7\u00c3O &amp; CONTATO [\/vc_column_text][\/vc_column][vc_column width=&#8221;1\/2&#8243;][\/vc_column][\/vc_row][vc_row gap=&#8221;&#8221; [&hellip;]<\/p>\n","protected":false},"author":1,"featured_media":0,"parent":0,"menu_order":0,"comment_status":"closed","ping_status":"closed","template":"","meta":{"footnotes":""},"class_list":["post-1985","page","type-page","status-publish","hentry"],"_links":{"self":[{"href":"https:\/\/www.parkplaza.cl\/pt\/wp-json\/wp\/v2\/pages\/1985","targetHints":{"allow":["GET"]}}],"collection":[{"href":"https:\/\/www.parkplaza.cl\/pt\/wp-json\/wp\/v2\/pages"}],"about":[{"href":"https:\/\/www.parkplaza.cl\/pt\/wp-json\/wp\/v2\/types\/page"}],"author":[{"embeddable":true,"href":"https:\/\/www.parkplaza.cl\/pt\/wp-json\/wp\/v2\/users\/1"}],"replies":[{"embeddable":true,"href":"https:\/\/www.parkplaza.cl\/pt\/wp-json\/wp\/v2\/comments?post=1985"}],"version-history":[{"count":32,"href":"https:\/\/www.parkplaza.cl\/pt\/wp-json\/wp\/v2\/pages\/1985\/revisions"}],"predecessor-version":[{"id":4055,"href":"https:\/\/www.parkplaza.cl\/pt\/wp-json\/wp\/v2\/pages\/1985\/revisions\/4055"}],"wp:attachment":[{"href":"https:\/\/www.parkplaza.cl\/pt\/wp-json\/wp\/v2\/media?parent=1985"}],"curies":[{"name":"wp","href":"https:\/\/api.w.org\/{rel}","templated":true}]}}