{"id":2501,"date":"2019-08-30T11:08:34","date_gmt":"2019-08-30T11:08:34","guid":{"rendered":"https:\/\/puruno.com\/kastel2\/?page_id=2501"},"modified":"2026-03-31T16:35:19","modified_gmt":"2026-03-31T16:35:19","slug":"demo-3","status":"publish","type":"page","link":"https:\/\/www.parkplaza.cl\/pt\/","title":{"rendered":"Park Plaza Hotel Santiago"},"content":{"rendered":"<p>[vc_row full_width=&#8221;stretch_row&#8221; gap=&#8221;&#8221; parallax=&#8221;content-moving&#8221; parallax_image=&#8221;3061,3481,4107,4108,3485&#8243; css=&#8221;.vc_custom_1750170782109{margin-bottom: 10px !important;padding-top: 200px !important;padding-bottom: 140px !important;}&#8221;][vc_column el_id=&#8221;reservas&#8221;][vc_row_inner][vc_column_inner width=&#8221;1\/6&#8243;][\/vc_column_inner][vc_column_inner width=&#8221;2\/3&#8243; overlay_color=&#8221;#ffffff&#8221; css=&#8221;.vc_custom_1746069883660{padding-top: 20px !important;padding-bottom: 20px !important;}&#8221;]<div class=\"verne-hotel-booking booking-style-1 id_169f361f0481b71925999729   \">\n<div id=\"hotel-booking-search-69f361f048322\" class=\"hotel-booking-search\">\n\t\t\t<h3>RESERVA<\/h3>\n\t\n\t<form name=\"hb-search-form\" action=\"https:\/\/www.parkplaza.cl\/pt\/hotel-search\/\" class=\"hb-search-form-69f361f048321\">\n\t\t<ul class=\"hb-form-table\">\n\t\t\t<li class=\"hb-form-field\">\n\t\t\t\t<div>\n\t\t\t\t\t\n\t\t\t\t\t\n\t\t\t\t\t<label>Data de chegada<\/label>\t\t\t\t\t<div class=\"hb-form-field-input hb_input_field\">\n\t\t\t\t\t\t\t\t                \t<span class=\"month input-date\">Apr<\/span>\n\t\t                \t<span class=\"day input-date\">30<\/span>\n\t\t                \t<span class=\"year input-date\">2026<\/span>\n\t\t                \t\t\t\t\t\t<svg width=\"18px\" height=\"18px\" viewBox=\"0 0 18 18\" version=\"1.1\" xmlns=\"http:\/\/www.w3.org\/2000\/svg\">\n\t\t\t\t\t\t\t<line x1=\"0px\" x2=\"18px\" y1=\"0px\" y2=\"0\" stroke-width=\"2px\"><\/line>\n\t\t\t\t\t\t\t<rect x=\"0\" y=\"4px\" width=\"18px\" height=\"14px\" fill=\"transparent\" stroke-width=\"2px\"><\/rect>\n\t\t\t\t\t\t<\/svg>\n\t\t\t\t\t\t\n\t\t\t\t\t\t<input type=\"text\" name=\"check_in_date\" id=\"check_in_date_69f361f048321\" autocomplete=\"off\" class=\"hb_input_date_check\" value=\"\" placeholder=\"Data de chegada\"\/>\n\t\t\t\t\t<\/div>\n\t\t\t\t<\/div>\n\t\t\t<\/li>\n\n\t\t\t<li class=\"hb-form-field\">\n\t\t\t\t<div>\n\t\t\t\t\t<label>Data de sa\u00edda<\/label>\t\t\t\t\t<div class=\"hb-form-field-input hb_input_field\">\n\t\t\t\t\t\t\t\t                \t<span class=\"month input-date\">May<\/span>\n\t\t                \t<span class=\"day input-date\">01<\/span>\n\t\t                \t<span class=\"year input-date\">2026<\/span>\n\t\t                \t\t\t\t\t\t<svg width=\"18px\" height=\"18px\" viewBox=\"0 0 18 18\" version=\"1.1\" xmlns=\"http:\/\/www.w3.org\/2000\/svg\">\n\t\t\t\t\t\t\t<line x1=\"0px\" x2=\"18px\" y1=\"0px\" y2=\"0\" stroke-width=\"2px\"><\/line>\n\t\t\t\t\t\t\t<rect x=\"0\" y=\"4px\" width=\"18px\" height=\"14px\" fill=\"transparent\" stroke-width=\"2px\"><\/rect>\n\t\t\t\t\t\t<\/svg>\n\t\t\t\t\t\t<input type=\"text\" name=\"check_out_date\" id=\"check_out_date_69f361f048321\" autocomplete=\"off\" class=\"hb_input_date_check\" value=\"\" placeholder=\"Data de sa\u00edda\"\/>\n\t\t\t\t\t<\/div>\n\t\t\t\t<\/div>\n\t\t\t<\/li>\n\n\t\t\t<li class=\"hb-form-field\">\n\t\t\t\t<div>\n\t\t\t\t\t<label>Adultos<\/label>\t\t\t\t\t<div class=\"hb-form-field-input\">\n\t\t\t\t\t\t<span class=\"capacity\">0<\/span>\n\t\t\t\t\t\t<select name=\"adults_capacity\" ><option value=\"0\">Adultos<\/option><option value=\"1\">1<\/option><option value=\"2\">2<\/option><option value=\"3\">3<\/option><option value=\"4\">4<\/option><\/select>\t\t\t\t\t\t<svg version=\"1.1\" xmlns=\"http:\/\/www.w3.org\/2000\/svg\" viewBox=\"0 0 129 129\" xmlns:xlink=\"http:\/\/www.w3.org\/1999\/xlink\" enable-background=\"new 0 0 129 129\">\n\t\t\t\t\t\t\t<path d=\"m121.3,34.6c-1.6-1.6-4.2-1.6-5.8,0l-51,51.1-51.1-51.1c-1.6-1.6-4.2-1.6-5.8,0-1.6,1.6-1.6,4.2 0,5.8l53.9,53.9c0.8,0.8 1.8,1.2 2.9,1.2 1,0 2.1-0.4 2.9-1.2l53.9-53.9c1.7-1.6 1.7-4.2 0.1-5.8z\"><\/path>\n\t\t\t\t\t\t<\/svg>\n\t\t\t\t\t<\/div>\n\t\t\t\t<\/div>\n\t\t\t<\/li>\n\n\t\t\t<li class=\"hb-form-field\">\n\t\t\t\t<div>\n\t\t\t\t\t<label>Crian\u00e7as<\/label>\t\t\t\t\t<div class=\"hb-form-field-input\">\n\t\t\t\t\t\t<span class=\"capacity\">0<\/span>\n\t\t\t\t\t\t<select name=\"max_child\" ><option value=\"0\">Crian\u00e7as<\/option><option value=\"1\">1<\/option><option value=\"2\">2<\/option><\/select>\t\t\t\t\t\t<svg version=\"1.1\" xmlns=\"http:\/\/www.w3.org\/2000\/svg\" viewBox=\"0 0 129 129\" xmlns:xlink=\"http:\/\/www.w3.org\/1999\/xlink\" enable-background=\"new 0 0 129 129\">\n\t\t\t\t\t\t\t<path d=\"m121.3,34.6c-1.6-1.6-4.2-1.6-5.8,0l-51,51.1-51.1-51.1c-1.6-1.6-4.2-1.6-5.8,0-1.6,1.6-1.6,4.2 0,5.8l53.9,53.9c0.8,0.8 1.8,1.2 2.9,1.2 1,0 2.1-0.4 2.9-1.2l53.9-53.9c1.7-1.6 1.7-4.2 0.1-5.8z\"><\/path>\n\t\t\t\t\t\t<\/svg>\n\t\t\t\t\t<\/div>\n\t\t\t\t<\/div>\n\t\t\t<\/li>\n\t\t<\/ul>\n\t\t<input type=\"hidden\" id=\"nonce\" name=\"nonce\" value=\"9fcb41d8f1\" \/><input type=\"hidden\" name=\"_wp_http_referer\" value=\"\/pt\/wp-json\/wp\/v2\/pages\/2501\" \/>\t\t<input type=\"hidden\" name=\"hotel-booking\" value=\"results\"\/>\n\t\t<input type=\"hidden\" name=\"widget-search\" value=\"\"\/>\n\t\t<input type=\"hidden\" name=\"action\" value=\"hotel_booking_parse_search_params\"\/>\n\t\t<p class=\"hb-submit\">\n\t\t\t<button type=\"submit\" class=\"btn no-hover btn-solid btn-accent btn-md\">verificar disponibilidade<\/button>\n\t\t<\/p>\n\t<\/form>\n<\/div><\/div><div class=\"custom-styles\" data-styles=\".id_169f361f0481b71925999729.verne-hotel-booking:not(.booking-style-1) .hotel-booking-search .hb-form-table:after { background-color: ; } .id_169f361f0481b71925999729.verne-hotel-booking .hotel-booking-search .hb-form-table .hb-form-field { color: ; border-color:  } .id_169f361f0481b71925999729.verne-hotel-booking.booking-style-1 .hotel-booking-search:after { background-color: ; } .id_169f361f0481b71925999729.verne-hotel-booking.booking-style-2 .hotel-booking-search .hb-form-table { border-color:  }\"><\/div>[\/vc_column_inner][vc_column_inner width=&#8221;1\/6&#8243;][\/vc_column_inner][\/vc_row_inner][\/vc_column][\/vc_row][vc_row][vc_column][vc_empty_space height=&#8221;20&#8243; height2=&#8221;10&#8243;][\/vc_column][\/vc_row][vc_row full_width=&#8221;stretch_row&#8221; gap=&#8221;&#8221; overlay_color=&#8221;#ffffff&#8221; css=&#8221;.vc_custom_1579836464595{background-color: #ffffff !important;}&#8221;][vc_column width=&#8221;1\/2&#8243; css=&#8221;.vc_custom_1579836393311{background-color: #ffffff !important;}&#8221;][vc_column_text css=&#8221;.vc_custom_1746086330147{margin-bottom: 0px !important;background-color: #ffffff !important;}&#8221;]<span style=\"font-size: 12px;\">UM HOTEL BOUTIQUE CL\u00c1SSICO EM ESTILO INGL\u00caS<\/span>[\/vc_column_text][vc_column_text css=&#8221;.vc_custom_1746086346665{background-color: #ffffff !important;}&#8221;]<\/p>\n<h2>BEM-VINDO AO PARK PLAZA HOTEL SANTIAGO<\/h2>\n<p>[\/vc_column_text][\/vc_column][vc_column width=&#8221;1\/2&#8243; css=&#8221;.vc_custom_1579836384111{background-color: #ffffff !important;}&#8221;][vc_empty_space height=&#8221;30&#8243; height2=&#8221;30&#8243; css=&#8221;.vc_custom_1579836490645{background-color: #ffffff !important;}&#8221;][vc_column_text css=&#8221;.vc_custom_1746086365687{background-color: #ffffff !important;}&#8221;]<span style=\"font-size: 18px;\">O Park Plaza Santiago \u00e9 um hotel boutique cl\u00e1ssico em estilo ingl\u00eas, com tecnologia de ponta para viajantes a neg\u00f3cios e em uma localiza\u00e7\u00e3o privilegiada. Estabelecemos um conceito de proximidade e empatia com nossos h\u00f3spedes, que se tornou uma marca registrada da nossa hospitalidade.<br \/>\n<\/span>[\/vc_column_text][\/vc_column][\/vc_row][vc_row full_width=&#8221;stretch_row&#8221; gap=&#8221;&#8221; overlay_color=&#8221;#f9f9f9&#8243; css=&#8221;.vc_custom_1568119406621{margin-bottom: 0px !important;}&#8221;][vc_column][vc_empty_space height=&#8221;50&#8243; height2=&#8221;20&#8243;][vc_column_text]<\/p>\n<h3><a href=\"https:\/\/www.parkplaza.cl\/pt\/habitaciones\/\">QUARTOS<\/a><\/h3>\n<p>[\/vc_column_text][vc_column_text css=&#8221;.vc_custom_1746086540707{margin-top: -30px !important;}&#8221;]<span style=\"font-size: 16px;\">Com servi\u00e7o 24 horas, o Park Plaza disp\u00f5e de quartos elegantes e confort\u00e1veis.<\/span>[\/vc_column_text][vc_row_inner][vc_column_inner width=&#8221;1\/4&#8243;][vc_column_text css=&#8221;.vc_custom_1746086404890{margin-bottom: -0px !important;}&#8221;]<\/p>\n<h4><a href=\"https:\/\/www.parkplaza.cl\/pt\/rooms\/standard-king\/\">Standard King<\/a><\/h4>\n<p>[\/vc_column_text][vc_single_image image=&#8221;4164&#8243; img_size=&#8221;large&#8221; onclick=&#8221;custom_link&#8221; link=&#8221;https:\/\/www.parkplaza.cl\/pt\/rooms\/standard-king\/&#8221;]<div class=\"btn-wrapper text-left id_169f361f048e342014748371   icon-left \" ><a href=\"https:\/\/www.parkplaza.cl\/pt\/rooms\/standard-king\/\"  class=\"btn no-hover btn-sm btn-accent btn-solid\" data-btn-text=\"Ver detalhes\">Ver detalhes<\/a><\/div>[\/vc_column_inner][vc_column_inner width=&#8221;1\/4&#8243;][vc_column_text css=&#8221;.vc_custom_1746086460033{margin-bottom: -0px !important;}&#8221;]<\/p>\n<h4><a href=\"https:\/\/www.parkplaza.cl\/pt\/rooms\/standard-twin\/\">Standard Twin<\/a><\/h4>\n<p>[\/vc_column_text][vc_single_image image=&#8221;4165&#8243; img_size=&#8221;large&#8221; onclick=&#8221;custom_link&#8221; link=&#8221;https:\/\/www.parkplaza.cl\/pt\/rooms\/standard-twin\/&#8221;]<div class=\"btn-wrapper text-left id_169f361f048e981181511072   icon-left \" ><a href=\"https:\/\/www.parkplaza.cl\/pt\/rooms\/standard-twin\/\"  class=\"btn no-hover btn-sm btn-accent btn-solid\" data-btn-text=\"Ver detalhes\">Ver detalhes<\/a><\/div>[\/vc_column_inner][vc_column_inner width=&#8221;1\/4&#8243;][vc_column_text css=&#8221;.vc_custom_1746086479129{margin-bottom: -0px !important;}&#8221;]<\/p>\n<h4><a href=\"https:\/\/www.parkplaza.cl\/pt\/rooms\/suite-park-club\/\">Suite Park Club<\/a><\/h4>\n<p>[\/vc_column_text][vc_single_image image=&#8221;3879&#8243; img_size=&#8221;large&#8221; onclick=&#8221;custom_link&#8221; link=&#8221;https:\/\/www.parkplaza.cl\/pt\/rooms\/suite-park-club\/&#8221;]<div class=\"btn-wrapper text-left id_169f361f048ec7192303084   icon-left \" ><a href=\"https:\/\/www.parkplaza.cl\/pt\/rooms\/suite-park-club\/\"  class=\"btn no-hover btn-sm btn-accent btn-solid\" data-btn-text=\"Ver detalhes\">Ver detalhes<\/a><\/div>[\/vc_column_inner][vc_column_inner width=&#8221;1\/4&#8243;][vc_column_text css=&#8221;.vc_custom_1746086484630{margin-bottom: -0px !important;}&#8221;]<\/p>\n<h4><a href=\"https:\/\/www.parkplaza.cl\/pt\/rooms\/master-suite\/\">Master Suite<\/a><\/h4>\n<p>[\/vc_column_text][vc_single_image image=&#8221;4166&#8243; img_size=&#8221;large&#8221; onclick=&#8221;custom_link&#8221; link=&#8221;https:\/\/www.parkplaza.cl\/pt\/rooms\/master-suite\/&#8221;]<div class=\"btn-wrapper text-left id_169f361f048eee501309193   icon-left \" ><a href=\"https:\/\/www.parkplaza.cl\/pt\/rooms\/master-suite\/\"  class=\"btn no-hover btn-sm btn-accent btn-solid\" data-btn-text=\"Ver detalhes\">Ver detalhes<\/a><\/div>[\/vc_column_inner][\/vc_row_inner][vc_empty_space height=&#8221;50&#8243; height2=&#8221;20&#8243;][\/vc_column][\/vc_row][vc_row full_width=&#8221;stretch_row&#8221; gap=&#8221;&#8221; overlay_color=&#8221;#ffffff&#8221; css=&#8221;.vc_custom_1579842973343{margin-bottom: 0px !important;background-color: #ffffff !important;}&#8221;][vc_column overlay_color=&#8221;#ffffff&#8221; overlay_color_hover=&#8221;#ffffff&#8221;][vc_empty_space height=&#8221;50&#8243; height2=&#8221;20&#8243;][vc_column_text]<\/p>\n<h3>EVENTOS e CELEBRA\u00c7\u00d5ES<\/h3>\n<p>[\/vc_column_text][vc_column_text css=&#8221;.vc_custom_1746086571911{margin-top: -30px !important;}&#8221;]<span style=\"font-size: 14px;\">CONVIDAMOS VOC\u00ca A PLANEJAR SEUS EVENTOS E CELEBRA\u00c7\u00d5ES CORPORATIVAS.<\/span>[\/vc_column_text][vc_row_inner][vc_column_inner width=&#8221;1\/3&#8243;]<div class=\"verne-box id_169f361f048f1711326918  \"><div class=\"verne-box__background\" style=\"background-image: url(https:\/\/www.parkplaza.cl\/pt\/wp-content\/uploads\/2020\/01\/hotel-santiago-park-plaza-04.jpeg); \">\n\t\t\t\t\t\t<div class=\"verne-box__overlay\" style=\"background-color: rgba(0,0,0,0.47)\"><\/div>\n\t\t\t\t\t<\/div><div class=\"verne-box__content verne-heading text-center\" style=\"color: #ffffff\"><div class=\"verne-box__title text-center\"><h2>Reservas<\/h2><\/div><div class=\"verne-box__description text-center\"><\/div><\/div><a class=\"verne-box__link no-hover\" href=\"#reservas\"  ><\/a><\/div>[vc_empty_space height=&#8221;0&#8243; height2=&#8221;40&#8243;][\/vc_column_inner][vc_column_inner width=&#8221;1\/3&#8243;]<div class=\"verne-box id_169f361f04913f665588980  \"><div class=\"verne-box__background\" style=\"background-image: url(https:\/\/www.parkplaza.cl\/pt\/wp-content\/uploads\/2020\/01\/salon-verde-b-santiago-park-plaza.jpeg); \">\n\t\t\t\t\t\t<div class=\"verne-box__overlay\" style=\"background-color: rgba(0,0,0,0.46)\"><\/div>\n\t\t\t\t\t<\/div><div class=\"verne-box__content verne-heading text-center\" style=\"color: #ffffff\"><div class=\"verne-box__title text-center\"><h2>Eventos<\/h2><\/div><div class=\"verne-box__description text-center\"><\/div><\/div><a class=\"verne-box__link no-hover\" href=\"https:\/\/www.parkplaza.cl\/pt\/eventos\/\"  ><\/a><\/div>[vc_empty_space height=&#8221;0&#8243; height2=&#8221;40&#8243;][\/vc_column_inner][vc_column_inner width=&#8221;1\/3&#8243;]<div class=\"verne-box id_169f361f049312475549485  \"><div class=\"verne-box__background\" style=\"background-image: url(https:\/\/www.parkplaza.cl\/pt\/wp-content\/uploads\/2020\/01\/t40_piscina-3_8_108643-1024x678.jpg); \">\n\t\t\t\t\t\t<div class=\"verne-box__overlay\" style=\"background-color: rgba(0,0,0,0.48)\"><\/div>\n\t\t\t\t\t<\/div><div class=\"verne-box__content verne-heading text-center\" style=\"color: #ffffff\"><div class=\"verne-box__title text-center\"><h2>Casamentos<\/h2><\/div><div class=\"verne-box__description text-center\"><\/div><\/div><a class=\"verne-box__link no-hover\" href=\"https:\/\/www.parkplaza.cl\/pt\/matrimonios\/\"  ><\/a><\/div>[\/vc_column_inner][\/vc_row_inner][vc_empty_space height=&#8221;50&#8243; height2=&#8221;20&#8243;][vc_separator style=&#8221;shadow&#8221; border_width=&#8221;3&#8243; css_animation=&#8221;fadeInUp&#8221;][\/vc_column][\/vc_row][vc_row full_width=&#8221;stretch_row&#8221; gap=&#8221;&#8221; overlay_color=&#8221;#ffffff&#8221; css=&#8221;.vc_custom_1579842973343{margin-bottom: 0px !important;background-color: #ffffff !important;}&#8221;][vc_column overlay_color=&#8221;#ffffff&#8221; overlay_color_hover=&#8221;#ffffff&#8221;][vc_column_text]<\/p>\n<h3>PROMO\u00c7\u00d5ES DO RESTAURANTE PARK LANE<\/h3>\n<p>[\/vc_column_text][vc_column_text css=&#8221;.vc_custom_1746086652235{margin-top: -30px !important;}&#8221;]<span style=\"font-size: 14px;\">APROVEITE AS MELHORES PROMO\u00c7\u00d5ES PARA COMPARTILHAR.<\/span>[\/vc_column_text][vc_row_inner][vc_column_inner width=&#8221;1\/3&#8243;][vc_single_image image=&#8221;4138&#8243; img_size=&#8221;full&#8221; onclick=&#8221;custom_link&#8221; link=&#8221;https:\/\/www.parkplaza.cl\/pt\/restaurant-park-lane\/&#8221;]<div class=\"btn-wrapper text-center id_169f361f04955b22399363  vc_custom_1746086683185  icon-left  wpb_animate_when_almost_visible wpb_fadeInUp fadeInUp\" ><a href=\"https:\/\/www.parkplaza.cl\/pt\/restaurant-park-lane\/\"  class=\"btn no-hover btn-md btn-accent btn-solid\" data-btn-text=\"Ver mais\">Ver mais<\/a><\/div>[vc_empty_space height=&#8221;0&#8243; height2=&#8221;40&#8243;][\/vc_column_inner][vc_column_inner width=&#8221;1\/3&#8243;][vc_single_image image=&#8221;4070&#8243; img_size=&#8221;full&#8221; onclick=&#8221;custom_link&#8221; link=&#8221;https:\/\/www.parkplaza.cl\/pt\/restaurant-park-lane\/&#8221;]<div class=\"btn-wrapper text-center id_169f361f0495a01730196659  vc_custom_1746086691100  icon-left  wpb_animate_when_almost_visible wpb_fadeInUp fadeInUp\" ><a href=\"https:\/\/www.parkplaza.cl\/pt\/restaurant-park-lane\/\"  class=\"btn no-hover btn-md btn-accent btn-solid\" data-btn-text=\"Ver mais\">Ver mais<\/a><\/div>[vc_empty_space height=&#8221;0&#8243; height2=&#8221;40&#8243;][\/vc_column_inner][vc_column_inner width=&#8221;1\/3&#8243;][vc_single_image image=&#8221;3952&#8243; img_size=&#8221;full&#8221; onclick=&#8221;custom_link&#8221; link=&#8221;https:\/\/www.parkplaza.cl\/pt\/restaurant-park-lane\/&#8221;]<div class=\"btn-wrapper text-center id_169f361f0495ce589956992  vc_custom_1746086699335  icon-left  wpb_animate_when_almost_visible wpb_fadeInUp fadeInUp\" ><a href=\"https:\/\/www.parkplaza.cl\/pt\/restaurant-park-lane\/\"  class=\"btn no-hover btn-md btn-accent btn-solid\" data-btn-text=\"Ver mais\">Ver mais<\/a><\/div>[\/vc_column_inner][\/vc_row_inner][vc_empty_space height=&#8221;50&#8243; height2=&#8221;20&#8243;][\/vc_column][\/vc_row][vc_row full_width=&#8221;stretch_row&#8221; gap=&#8221;&#8221; overlay_color=&#8221;#ffffff&#8221; css=&#8221;.vc_custom_1579851122091{background-color: #ffffff !important;}&#8221;][vc_column][vc_row_inner equal_height=&#8221;yes&#8221;][vc_column_inner width=&#8221;1\/2&#8243; overlay_color=&#8221;#ffffff&#8221; css=&#8221;.vc_custom_1568119501632{padding-right: 40px !important;padding-left: 40px !important;}&#8221;][vc_empty_space height=&#8221;100&#8243; height2=&#8221;60&#8243;][vc_column_text css=&#8221;.vc_custom_1746086852287{margin-bottom: 0px !important;}&#8221;]<\/p>\n<h2 style=\"text-align: center;\"><a href=\"https:\/\/www.parkplaza.cl\/pt\/matrimonios\/\">CASAMENTOS<\/a><\/h2>\n<p>[\/vc_column_text][vc_column_text]<\/p>\n<h3 style=\"text-align: center;\">Acompanhamos voc\u00ea no momento mais importante da sua vida<\/h3>\n<p>[\/vc_column_text][vc_column_text]<\/p>\n<p style=\"text-align: center;\"><span style=\"font-size: 18px;\">Com o selo de eleg\u00e2ncia e distin\u00e7\u00e3o que nos caracteriza.<\/span><br \/>\n<strong><span style=\"font-size: 18px;\">Uma experi\u00eancia inesquec\u00edvel<\/span><\/strong><\/p>\n<p style=\"text-align: center;\"><span style=\"font-size: 18px;\">Encontre tudo o que voc\u00ea precisa em um s\u00f3 lugar e n\u00f3s cuidamos de todos os detalhes.<\/span><\/p>\n<p>[\/vc_column_text]<div class=\"btn-wrapper text-center id_169f361f0495f41310435038   icon-left \" ><a href=\"https:\/\/www.parkplaza.cl\/pt\/matrimonios\/\"  class=\"btn no-hover btn-md btn-accent btn-solid\" data-btn-text=\"Ver mais\">Ver mais<\/a><\/div>[vc_empty_space height=&#8221;100&#8243; height2=&#8221;60&#8243;][\/vc_column_inner][vc_column_inner el_class=&#8221;vc_hidden-xs vc_hidden-sm&#8221; width=&#8221;1\/2&#8243; parallax_image=&#8221;3236&#8243;][\/vc_column_inner][\/vc_row_inner][vc_row_inner equal_height=&#8221;yes&#8221;][vc_column_inner el_class=&#8221;vc_hidden-xs vc_hidden-sm&#8221; width=&#8221;1\/2&#8243; parallax_image=&#8221;3246&#8243;][\/vc_column_inner][vc_column_inner width=&#8221;1\/2&#8243; overlay_color=&#8221;#ffffff&#8221; css=&#8221;.vc_custom_1568119535327{padding-right: 40px !important;padding-left: 40px !important;}&#8221;][vc_empty_space height=&#8221;100&#8243; height2=&#8221;60&#8243;][vc_column_text css=&#8221;.vc_custom_1746086925783{margin-bottom: 0px !important;}&#8221;]<\/p>\n<h2 style=\"text-align: center;\"><a href=\"https:\/\/www.parkplaza.cl\/pt\/eventos\/\">EVENTOS E BANQUETES<\/a><\/h2>\n<p>[\/vc_column_text][vc_column_text]<\/p>\n<h5 style=\"text-align: center;\">Salas de estar com um estilo \u00fanico<\/h5>\n<p>[\/vc_column_text][vc_column_text]<\/p>\n<p style=\"text-align: center;\"><span style=\"font-size: 18px;\">Onde a nobreza das madeiras nobres e as texturas elegantes criam o cen\u00e1rio perfeito para reuni\u00f5es, eventos corporativos e celebra\u00e7\u00f5es sociais, aliados \u00e0 melhor gastronomia internacional, servi\u00e7o de excel\u00eancia e tecnologia audiovisual que far\u00e3o dos seus eventos um sucesso total.<\/span><\/p>\n<p>[\/vc_column_text]<div class=\"btn-wrapper text-center id_169f361f0496181814550500   icon-left \" ><a href=\"https:\/\/www.parkplaza.cl\/pt\/eventos\/\"  class=\"btn no-hover btn-md btn-accent btn-solid\" data-btn-text=\"Ver mais\">Ver mais<\/a><\/div>[vc_empty_space height=&#8221;100&#8243; height2=&#8221;60&#8243;][\/vc_column_inner][\/vc_row_inner][vc_empty_space height=&#8221;100&#8243; height2=&#8221;40&#8243;][vc_separator style=&#8221;shadow&#8221; border_width=&#8221;3&#8243;][vc_column_text]<\/p>\n<h2 style=\"text-align: center;\">EXPERIENCE PARK PLAZA<\/h2>\n<p>[\/vc_column_text][vc_column_text css=&#8221;.vc_custom_1746087019526{margin-top: -30px !important;}&#8221;]<\/p>\n<p style=\"text-align: center;\"><span style=\"font-size: 20px;\">Para que nossos h\u00f3spedes possam desfrutar de suas horas de descanso, o Santiago Park Plaza Hotel disp\u00f5e de diversos servi\u00e7os personalizados.<\/span><\/p>\n<p>[\/vc_column_text][vc_separator style=&#8221;shadow&#8221; border_width=&#8221;3&#8243;][vc_empty_space height=&#8221;100&#8243; height2=&#8221;40&#8243;][\/vc_column][\/vc_row]<\/p>","protected":false},"excerpt":{"rendered":"<p>[vc_row full_width=&#8221;stretch_row&#8221; gap=&#8221;&#8221; parallax=&#8221;content-moving&#8221; parallax_image=&#8221;3061,3481,4107,4108,3485&#8243; css=&#8221;.vc_custom_1750170782109{margin-bottom: 10px !important;padding-top: 200px !important;padding-bottom: 140px !important;}&#8221;][vc_column el_id=&#8221;reservas&#8221;][vc_row_inner][vc_column_inner width=&#8221;1\/6&#8243;][\/vc_column_inner][vc_column_inner width=&#8221;2\/3&#8243; overlay_color=&#8221;#ffffff&#8221; css=&#8221;.vc_custom_1746069883660{padding-top: 20px !important;padding-bottom: 20px !important;}&#8221;][\/vc_column_inner][vc_column_inner width=&#8221;1\/6&#8243;][\/vc_column_inner][\/vc_row_inner][\/vc_column][\/vc_row][vc_row][vc_column][vc_empty_space height=&#8221;20&#8243; height2=&#8221;10&#8243;][\/vc_column][\/vc_row][vc_row full_width=&#8221;stretch_row&#8221; gap=&#8221;&#8221; overlay_color=&#8221;#ffffff&#8221; css=&#8221;.vc_custom_1579836464595{background-color: #ffffff !important;}&#8221;][vc_column width=&#8221;1\/2&#8243; css=&#8221;.vc_custom_1579836393311{background-color: #ffffff !important;}&#8221;][vc_column_text css=&#8221;.vc_custom_1746086330147{margin-bottom: 0px !important;background-color: #ffffff !important;}&#8221;]UM HOTEL BOUTIQUE CL\u00c1SSICO EM ESTILO INGL\u00caS[\/vc_column_text][vc_column_text css=&#8221;.vc_custom_1746086346665{background-color: #ffffff !important;}&#8221;] BEM-VINDO AO PARK PLAZA HOTEL SANTIAGO [\/vc_column_text][\/vc_column][vc_column [&hellip;]<\/p>\n","protected":false},"author":1,"featured_media":0,"parent":0,"menu_order":0,"comment_status":"closed","ping_status":"closed","template":"","meta":{"footnotes":""},"class_list":["post-2501","page","type-page","status-publish","hentry"],"_links":{"self":[{"href":"https:\/\/www.parkplaza.cl\/pt\/wp-json\/wp\/v2\/pages\/2501","targetHints":{"allow":["GET"]}}],"collection":[{"href":"https:\/\/www.parkplaza.cl\/pt\/wp-json\/wp\/v2\/pages"}],"about":[{"href":"https:\/\/www.parkplaza.cl\/pt\/wp-json\/wp\/v2\/types\/page"}],"author":[{"embeddable":true,"href":"https:\/\/www.parkplaza.cl\/pt\/wp-json\/wp\/v2\/users\/1"}],"replies":[{"embeddable":true,"href":"https:\/\/www.parkplaza.cl\/pt\/wp-json\/wp\/v2\/comments?post=2501"}],"version-history":[{"count":188,"href":"https:\/\/www.parkplaza.cl\/pt\/wp-json\/wp\/v2\/pages\/2501\/revisions"}],"predecessor-version":[{"id":4167,"href":"https:\/\/www.parkplaza.cl\/pt\/wp-json\/wp\/v2\/pages\/2501\/revisions\/4167"}],"wp:attachment":[{"href":"https:\/\/www.parkplaza.cl\/pt\/wp-json\/wp\/v2\/media?parent=2501"}],"curies":[{"name":"wp","href":"https:\/\/api.w.org\/{rel}","templated":true}]}}