{"id":3438,"date":"2020-02-24T16:44:35","date_gmt":"2020-02-24T16:44:35","guid":{"rendered":"http:\/\/localhost:8888\/verne3\/?page_id=3438"},"modified":"2026-01-05T16:22:14","modified_gmt":"2026-01-05T16:22:14","slug":"promociones","status":"publish","type":"page","link":"https:\/\/www.parkplaza.cl\/pt\/promociones\/","title":{"rendered":"Promociones"},"content":{"rendered":"<p>[vc_row full_width=&#8221;stretch_row&#8221; gap=&#8221;&#8221; parallax=&#8221;content-moving&#8221; parallax_image=&#8221;4116,4108,3686&#8243; css=&#8221;.vc_custom_1750172946897{margin-bottom: 10px !important;padding-top: 200px !important;padding-bottom: 140px !important;}&#8221;][vc_column][\/vc_column][\/vc_row][vc_row][vc_column][vc_empty_space height=&#8221;20&#8243; height2=&#8221;10&#8243;][\/vc_column][\/vc_row][vc_row full_width=&#8221;stretch_row&#8221; gap=&#8221;&#8221; overlay_color=&#8221;#ffffff&#8221; css=&#8221;.vc_custom_1579836464595{background-color: #ffffff !important;}&#8221;][vc_column css=&#8221;.vc_custom_1579836393311{background-color: #ffffff !important;}&#8221;][vc_column_text css=&#8221;.vc_custom_1746087825543{background-color: #ffffff !important;}&#8221;]<\/p>\n<h2>PROMO\u00c7\u00d5ES<\/h2>\n<p>[\/vc_column_text][vc_column_text css=&#8221;.vc_custom_1746087845650{background-color: #ffffff !important;}&#8221;]<span style=\"font-size: 18px;\">Aproveite as melhores op\u00e7\u00f5es para complementar sua estadia em nosso hotel. Escapadinhas, noites rom\u00e2nticas, comemora\u00e7\u00f5es e muito mais.<br \/>\n<\/span>[\/vc_column_text][vc_separator style=&#8221;shadow&#8221; border_width=&#8221;3&#8243;][vc_empty_space height=&#8221;30&#8243; height2=&#8221;30&#8243; css=&#8221;.vc_custom_1579836490645{background-color: #ffffff !important;}&#8221;][\/vc_column][\/vc_row][vc_row full_width=&#8221;stretch_row&#8221; gap=&#8221;&#8221; overlay_color=&#8221;#ffffff&#8221; css=&#8221;.vc_custom_1579851122091{background-color: #ffffff !important;}&#8221;][vc_column][vc_row_inner equal_height=&#8221;yes&#8221;][vc_column_inner width=&#8221;1\/2&#8243; overlay_color=&#8221;#ffffff&#8221; css=&#8221;.vc_custom_1568119501632{padding-right: 40px !important;padding-left: 40px !important;}&#8221;][vc_column_text css=&#8221;.vc_custom_1746087864687{margin-bottom: 0px !important;}&#8221;]<\/p>\n<h2 style=\"text-align: left;\">Vitrine<\/h2>\n<p>[\/vc_column_text][vc_column_text]Programa para 2 pessoas, sexta ou s\u00e1bado<\/p>\n<ul>\n<li>Jantar Buffet<\/li>\n<li>Sobremesa \u00e0 la carte<\/li>\n<li>Emparelhamento com tudo inclu\u00eddo<\/li>\n<li>1 noite de alojamento em quarto duplo<\/li>\n<li>Caf\u00e9 da manh\u00e3 em estilo buffet<\/li>\n<li>Piscina coberta e sauna<\/li>\n<li>Estacionamento<\/li>\n<li>Check-in \u00e0s 15:00.<\/li>\n<li>Check-out tardio \u00e0s 14:00.<\/li>\n<\/ul>\n<h4><strong>$169.900<\/strong><\/h4>\n<p>[\/vc_column_text]<div class=\"btn-wrapper text-left id_169d6d8dd79b2d1476818885   icon-left \" ><a href=\"mailto:banqueting@parkplaza.cl\"  class=\"btn no-hover btn-sm btn-accent btn-solid\" data-btn-text=\"Reserva\">Reserva<\/a><\/div>[vc_empty_space height=&#8221;100&#8243; height2=&#8221;60&#8243;][\/vc_column_inner][vc_column_inner el_class=&#8221;vc_hidden-xs vc_hidden-sm&#8221; width=&#8221;1\/2&#8243; offset=&#8221;hidden-sm hidden-xs&#8221;][vc_single_image image=&#8221;3961&#8243; img_size=&#8221;full&#8221; onclick=&#8221;link_image&#8221;][\/vc_column_inner][\/vc_row_inner][vc_empty_space height=&#8221;20&#8243; height2=&#8221;10&#8243;][vc_separator style=&#8221;shadow&#8221; border_width=&#8221;3&#8243;][vc_column_text]<\/p>\n<h2 style=\"text-align: center;\">EXPERIENCE PARK PLAZA<\/h2>\n<p>[\/vc_column_text][vc_column_text css=&#8221;.vc_custom_1746087954892{margin-top: -30px !important;}&#8221;]<\/p>\n<p style=\"text-align: center;\"><span style=\"font-size: 20px;\">Para que nossos h\u00f3spedes possam desfrutar de suas horas de descanso, o Santiago Park Plaza Hotel disp\u00f5e de diversos servi\u00e7os personalizados.<\/span><\/p>\n<p>[\/vc_column_text][vc_separator style=&#8221;shadow&#8221; border_width=&#8221;3&#8243;][\/vc_column][\/vc_row]<\/p>","protected":false},"excerpt":{"rendered":"<p>[vc_row full_width=&#8221;stretch_row&#8221; gap=&#8221;&#8221; parallax=&#8221;content-moving&#8221; parallax_image=&#8221;4116,4108,3686&#8243; css=&#8221;.vc_custom_1750172946897{margin-bottom: 10px !important;padding-top: 200px !important;padding-bottom: 140px !important;}&#8221;][vc_column][\/vc_column][\/vc_row][vc_row][vc_column][vc_empty_space height=&#8221;20&#8243; height2=&#8221;10&#8243;][\/vc_column][\/vc_row][vc_row full_width=&#8221;stretch_row&#8221; gap=&#8221;&#8221; overlay_color=&#8221;#ffffff&#8221; css=&#8221;.vc_custom_1579836464595{background-color: #ffffff !important;}&#8221;][vc_column css=&#8221;.vc_custom_1579836393311{background-color: #ffffff !important;}&#8221;][vc_column_text css=&#8221;.vc_custom_1746087825543{background-color: #ffffff !important;}&#8221;] PROMO\u00c7\u00d5ES [\/vc_column_text][vc_column_text css=&#8221;.vc_custom_1746087845650{background-color: #ffffff !important;}&#8221;]Aproveite as melhores op\u00e7\u00f5es para complementar sua estadia em nosso hotel. Escapadinhas, noites rom\u00e2nticas, comemora\u00e7\u00f5es e muito mais. [\/vc_column_text][vc_separator style=&#8221;shadow&#8221; border_width=&#8221;3&#8243;][vc_empty_space height=&#8221;30&#8243; height2=&#8221;30&#8243; css=&#8221;.vc_custom_1579836490645{background-color: #ffffff [&hellip;]<\/p>\n","protected":false},"author":1,"featured_media":0,"parent":0,"menu_order":0,"comment_status":"closed","ping_status":"closed","template":"","meta":{"footnotes":""},"class_list":["post-3438","page","type-page","status-publish","hentry"],"_links":{"self":[{"href":"https:\/\/www.parkplaza.cl\/pt\/wp-json\/wp\/v2\/pages\/3438","targetHints":{"allow":["GET"]}}],"collection":[{"href":"https:\/\/www.parkplaza.cl\/pt\/wp-json\/wp\/v2\/pages"}],"about":[{"href":"https:\/\/www.parkplaza.cl\/pt\/wp-json\/wp\/v2\/types\/page"}],"author":[{"embeddable":true,"href":"https:\/\/www.parkplaza.cl\/pt\/wp-json\/wp\/v2\/users\/1"}],"replies":[{"embeddable":true,"href":"https:\/\/www.parkplaza.cl\/pt\/wp-json\/wp\/v2\/comments?post=3438"}],"version-history":[{"count":37,"href":"https:\/\/www.parkplaza.cl\/pt\/wp-json\/wp\/v2\/pages\/3438\/revisions"}],"predecessor-version":[{"id":4159,"href":"https:\/\/www.parkplaza.cl\/pt\/wp-json\/wp\/v2\/pages\/3438\/revisions\/4159"}],"wp:attachment":[{"href":"https:\/\/www.parkplaza.cl\/pt\/wp-json\/wp\/v2\/media?parent=3438"}],"curies":[{"name":"wp","href":"https:\/\/api.w.org\/{rel}","templated":true}]}}