{"id":3468,"date":"2020-02-24T18:35:56","date_gmt":"2020-02-24T18:35:56","guid":{"rendered":"http:\/\/localhost:8888\/verne3\/?page_id=3468"},"modified":"2025-05-13T20:03:57","modified_gmt":"2025-05-13T20:03:57","slug":"eventos","status":"publish","type":"page","link":"https:\/\/www.parkplaza.cl\/pt\/eventos\/","title":{"rendered":"Eventos"},"content":{"rendered":"<p>[vc_row full_width=&#8221;stretch_row&#8221; gap=&#8221;&#8221; parallax=&#8221;content-moving&#8221; parallax_image=&#8221;3487&#8243; css=&#8221;.vc_custom_1582570688544{padding-top: 180px !important;padding-bottom: 180px !important;}&#8221;][vc_column][\/vc_column][\/vc_row][vc_row full_width=&#8221;stretch_row&#8221; gap=&#8221;&#8221; parallax=&#8221;content-moving&#8221; css=&#8221;.vc_custom_1582570635442{margin-top: -20px !important;}&#8221;][vc_column][vc_empty_space height=&#8221;50&#8243; height2=&#8221;30&#8243;][vc_column_text]<\/p>\n<h2>EVENTOS E BANQUETES<\/h2>\n<p>[\/vc_column_text][vc_row_inner][vc_column_inner width=&#8221;1\/2&#8243;][vc_column_text css=&#8221;.vc_custom_1746088008780{margin-top: -30px !important;}&#8221;]Salas com estilo \u00fanico, onde a eleg\u00e2ncia das madeiras nobres e texturas elegantes criam o cen\u00e1rio perfeito para reuni\u00f5es, eventos corporativos e celebra\u00e7\u00f5es sociais, combinados com a melhor culin\u00e1ria internacional, servi\u00e7o excelente e tecnologia audiovisual para fazer dos seus eventos um sucesso.[\/vc_column_text][\/vc_column_inner][vc_column_inner width=&#8221;1\/4&#8243;][vc_column_text css=&#8221;.vc_custom_1746088026216{margin-top: -30px !important;}&#8221;]\u2013 Eventos e reuni\u00f5es corporativas<br \/>\n\u2013 Celebra\u00e7\u00f5es sociais e familiares<br \/>\n\u2013 Planos especiais para casamentos<br \/>\n\u2013 V\u00e1rias capacidades e montagens<br \/>\n\u2013 Assessoria especializada<br \/>\n\u2013 Gastronomia internacional[\/vc_column_text][\/vc_column_inner][vc_column_inner width=&#8221;1\/4&#8243;][vc_column_text css=&#8221;.vc_custom_1746088040685{margin-top: -30px !important;}&#8221;]\u2013 Equipamentos audiovisuais<br \/>\n&#8211; Ar condicionado<br \/>\n\u2013 Servi\u00e7o de Catering<br \/>\n\u2013 Internet Wi-Fi<br \/>\n&#8211; Estacionamento<br \/>\n\u2013 Sistema de seguran\u00e7a com CFTV[\/vc_column_text][\/vc_column_inner][\/vc_row_inner][vc_separator style=&#8221;shadow&#8221; border_width=&#8221;3&#8243;][vc_empty_space height=&#8221;50&#8243; height2=&#8221;30&#8243;][\/vc_column][\/vc_row][vc_row full_width=&#8221;stretch_row&#8221; gap=&#8221;&#8221; css=&#8221;.vc_custom_1582572056434{background-color: #f4f4f4 !important;}&#8221;][vc_column][vc_empty_space height=&#8221;20&#8243; height2=&#8221;10&#8243;][vc_column_text]<\/p>\n<h2>SAL\u00d5ES<\/h2>\n<p>[\/vc_column_text][vc_row_inner][vc_column_inner width=&#8221;1\/3&#8243;][vc_column_text css=&#8221;.vc_custom_1746084775467{margin-bottom: -0px !important;}&#8221;]<\/p>\n<h4 class=\"wpb_heading wpb_gallery_heading\">EJECUTIVO<\/h4>\n<p>[\/vc_column_text][vc_single_image image=&#8221;3505&#8243; img_size=&#8221;full&#8221; onclick=&#8221;link_image&#8221;][\/vc_column_inner][vc_column_inner width=&#8221;1\/3&#8243;][vc_column_text css=&#8221;.vc_custom_1746084779649{margin-bottom: -0px !important;}&#8221;]<\/p>\n<h4 class=\"wpb_heading wpb_gallery_heading\">DIRECTORIO<\/h4>\n<p>[\/vc_column_text][vc_single_image image=&#8221;3520&#8243; img_size=&#8221;full&#8221; onclick=&#8221;link_image&#8221;][\/vc_column_inner][vc_column_inner width=&#8221;1\/3&#8243;][vc_column_text css=&#8221;.vc_custom_1746084783883{margin-bottom: -0px !important;}&#8221;]<\/p>\n<h4 class=\"wpb_heading wpb_gallery_heading\">ROJO<\/h4>\n<p>[\/vc_column_text][vc_single_image image=&#8221;3525&#8243; img_size=&#8221;full&#8221; onclick=&#8221;link_image&#8221;][\/vc_column_inner][\/vc_row_inner][vc_row_inner][vc_column_inner width=&#8221;1\/3&#8243;][vc_column_text css=&#8221;.vc_custom_1746084788200{margin-bottom: -0px !important;}&#8221;]<\/p>\n<h4 class=\"wpb_heading wpb_gallery_heading\">VERDE B<\/h4>\n<p>[\/vc_column_text][vc_single_image image=&#8221;3522&#8243; img_size=&#8221;full&#8221; onclick=&#8221;link_image&#8221;][\/vc_column_inner][vc_column_inner width=&#8221;1\/3&#8243;][vc_column_text css=&#8221;.vc_custom_1746084798860{margin-bottom: -0px !important;}&#8221;]<\/p>\n<h4 class=\"wpb_heading wpb_gallery_heading\">GRAN SALON VERDE<\/h4>\n<p>[\/vc_column_text][vc_single_image image=&#8221;3527&#8243; img_size=&#8221;full&#8221; onclick=&#8221;link_image&#8221;][\/vc_column_inner][vc_column_inner width=&#8221;1\/3&#8243;][\/vc_column_inner][\/vc_row_inner][vc_row_inner][vc_column_inner][vc_empty_space height=&#8221;20&#8243; height2=&#8221;10&#8243;]<div class=\"btn-wrapper text-center id_169d6d2bcdec4b2041212179   icon-left \" ><a href=\"https:\/\/www.parkplaza.cl\/wp-content\/uploads\/2025\/05\/fichas-salones-hotel-santiago-park-plaza.pdf\" target='_blank' class=\"btn no-hover btn-lg btn-accent btn-solid\" data-btn-text=\"baixar informa\u00e7\u00f5es do sal\u00e3o\">baixar informa\u00e7\u00f5es do sal\u00e3o<\/a><\/div>[vc_empty_space height=&#8221;40&#8243; height2=&#8221;20&#8243;][\/vc_column_inner][\/vc_row_inner][\/vc_column][\/vc_row][vc_row][vc_column width=&#8221;1\/2&#8243;][vc_empty_space height=&#8221;20&#8243; height2=&#8221;10&#8243;][vc_column_text]<\/p>\n<h2>CATERING<\/h2>\n<p>[\/vc_column_text][vc_column_text]O Park Plaza Santiago oferece um servi\u00e7o de buffet exclusivo que lhe dar\u00e1 assist\u00eancia completa para suas reuni\u00f5es de neg\u00f3cios e\/ou eventos sociais. Sejam coffee breaks, almo\u00e7os, coquet\u00e9is, jantares, etc. Voc\u00ea pode surpreender seus clientes, colegas e amigos com a melhor gastronomia; a mais alta qualidade e aten\u00e7\u00e3o do nosso hotel no seu ponto de encontro.[\/vc_column_text][vc_gallery type=&#8221;image_grid&#8221; images=&#8221;3533,3534,3535&#8243; img_size=&#8221;180&#215;230&#8243;][vc_empty_space height=&#8221;60&#8243; height2=&#8221;30&#8243;][\/vc_column][vc_column width=&#8221;1\/2&#8243;][vc_empty_space height=&#8221;20&#8243; height2=&#8221;10&#8243;][vc_column_text css=&#8221;.vc_custom_1746088094434{margin-bottom: -0px !important;}&#8221;]<\/p>\n<h4 class=\"wpb_heading wpb_gallery_heading\">CAPACIDADE DA SALA<\/h4>\n<p>[\/vc_column_text][vc_single_image image=&#8221;3529&#8243; img_size=&#8221;full&#8221; onclick=&#8221;link_image&#8221;][vc_column_text]<strong>Informa\u00e7\u00f5es de contato:<\/strong><\/p>\n<p>Balc\u00e3o Central (56-2) 2372 4000<br \/>\nReservas (56-2) 2372 4016 \u2013 2372 4015 \u2013 2372 4003<br \/>\nE-mail: banqueting@parkplaza.cl[\/vc_column_text][vc_empty_space height=&#8221;60&#8243; height2=&#8221;30&#8243;][\/vc_column][\/vc_row]<\/p>","protected":false},"excerpt":{"rendered":"<p>[vc_row full_width=&#8221;stretch_row&#8221; gap=&#8221;&#8221; parallax=&#8221;content-moving&#8221; parallax_image=&#8221;3487&#8243; css=&#8221;.vc_custom_1582570688544{padding-top: 180px !important;padding-bottom: 180px !important;}&#8221;][vc_column][\/vc_column][\/vc_row][vc_row full_width=&#8221;stretch_row&#8221; gap=&#8221;&#8221; parallax=&#8221;content-moving&#8221; css=&#8221;.vc_custom_1582570635442{margin-top: -20px !important;}&#8221;][vc_column][vc_empty_space height=&#8221;50&#8243; height2=&#8221;30&#8243;][vc_column_text] EVENTOS E BANQUETES [\/vc_column_text][vc_row_inner][vc_column_inner width=&#8221;1\/2&#8243;][vc_column_text css=&#8221;.vc_custom_1746088008780{margin-top: -30px !important;}&#8221;]Salas com estilo \u00fanico, onde a eleg\u00e2ncia das madeiras nobres e texturas elegantes criam o cen\u00e1rio perfeito para reuni\u00f5es, eventos corporativos e celebra\u00e7\u00f5es sociais, combinados com a melhor culin\u00e1ria internacional, [&hellip;]<\/p>\n","protected":false},"author":1,"featured_media":0,"parent":0,"menu_order":0,"comment_status":"closed","ping_status":"closed","template":"","meta":{"footnotes":""},"class_list":["post-3468","page","type-page","status-publish","hentry"],"_links":{"self":[{"href":"https:\/\/www.parkplaza.cl\/pt\/wp-json\/wp\/v2\/pages\/3468","targetHints":{"allow":["GET"]}}],"collection":[{"href":"https:\/\/www.parkplaza.cl\/pt\/wp-json\/wp\/v2\/pages"}],"about":[{"href":"https:\/\/www.parkplaza.cl\/pt\/wp-json\/wp\/v2\/types\/page"}],"author":[{"embeddable":true,"href":"https:\/\/www.parkplaza.cl\/pt\/wp-json\/wp\/v2\/users\/1"}],"replies":[{"embeddable":true,"href":"https:\/\/www.parkplaza.cl\/pt\/wp-json\/wp\/v2\/comments?post=3468"}],"version-history":[{"count":45,"href":"https:\/\/www.parkplaza.cl\/pt\/wp-json\/wp\/v2\/pages\/3468\/revisions"}],"predecessor-version":[{"id":4069,"href":"https:\/\/www.parkplaza.cl\/pt\/wp-json\/wp\/v2\/pages\/3468\/revisions\/4069"}],"wp:attachment":[{"href":"https:\/\/www.parkplaza.cl\/pt\/wp-json\/wp\/v2\/media?parent=3468"}],"curies":[{"name":"wp","href":"https:\/\/api.w.org\/{rel}","templated":true}]}}