{"id":3540,"date":"2020-02-24T19:41:18","date_gmt":"2020-02-24T19:41:18","guid":{"rendered":"http:\/\/localhost:8888\/verne3\/?page_id=3540"},"modified":"2025-05-05T23:51:00","modified_gmt":"2025-05-05T23:51:00","slug":"matrimonios","status":"publish","type":"page","link":"https:\/\/www.parkplaza.cl\/pt\/matrimonios\/","title":{"rendered":"Matrimonios"},"content":{"rendered":"<p>[vc_row full_width=&#8221;stretch_row&#8221; gap=&#8221;&#8221; parallax=&#8221;content-moving&#8221; parallax_image=&#8221;3541&#8243; css=&#8221;.vc_custom_1582573715003{padding-top: 180px !important;padding-bottom: 180px !important;}&#8221;][vc_column][\/vc_column][\/vc_row][vc_row full_width=&#8221;stretch_row&#8221; gap=&#8221;&#8221; parallax=&#8221;content-moving&#8221; css=&#8221;.vc_custom_1582570635442{margin-top: -20px !important;}&#8221;][vc_column][vc_empty_space height=&#8221;50&#8243; height2=&#8221;30&#8243;][vc_column_text]<\/p>\n<h2>CASAMENTOS NO SANTIAGO PARK PLAZA<\/h2>\n<p>[\/vc_column_text][vc_column_text css=&#8221;.vc_custom_1746088188721{margin-top: -30px !important;}&#8221;]<span style=\"font-size: 17px;\">Acompanhamos voc\u00ea no momento mais importante da sua vida, com a marca de eleg\u00e2ncia e distin\u00e7\u00e3o que nos caracteriza.<\/span>[\/vc_column_text][vc_separator][vc_column_text]<\/p>\n<h2>Uma experi\u00eancia inesquec\u00edvel<\/h2>\n<p>[\/vc_column_text][vc_column_text css=&#8221;.vc_custom_1746088220757{margin-top: -30px !important;}&#8221;]<span style=\"font-size: 17px;\">Encontre tudo o que voc\u00ea precisa em um s\u00f3 lugar, e n\u00f3s cuidamos de todos os detalhes:<\/span>[\/vc_column_text][vc_empty_space height=&#8221;50&#8243; height2=&#8221;30&#8243;][vc_row_inner][vc_column_inner width=&#8221;1\/3&#8243;][vc_column_text css=&#8221;.vc_custom_1746489029058{margin-top: -30px !important;}&#8221;]\u2013 Coquetel de boas-vindas<br \/>\n\u2013 Brinde dos Noivos<br \/>\n\u2013 Sal\u00e3o para o evento<br \/>\n\u2013 \u00c1rea para fotografias cerimoniais<br \/>\n\u2013 Card\u00e1pio com alternativas diferentes<br \/>\n\u2013 Menu infantil<br \/>\n\u2013 Servi\u00e7o de caf\u00e9, ch\u00e1 e infus\u00e3o<br \/>\n\u2013 Degusta\u00e7\u00e3o do menu contratado[\/vc_column_text][\/vc_column_inner][vc_column_inner width=&#8221;1\/3&#8243;][vc_column_text css=&#8221;.vc_custom_1746489041409{margin-top: -30px !important;}&#8221;]- Open bar<br \/>\n\u2013 Servi\u00e7o de rolha<br \/>\n\u2013 Servi\u00e7o de amanhecer<br \/>\n\u2013 Decora\u00e7\u00e3o e centros de mesa<br \/>\n\u2013 Sele\u00e7\u00e3o de toalhas de mesa e capas de cadeiras<br \/>\n\u2013 VDJ para dan\u00e7a<br \/>\n\u2013 Pacotes de ilumina\u00e7\u00e3o[\/vc_column_text][\/vc_column_inner][vc_column_inner width=&#8221;1\/3&#8243;][\/vc_column_inner][\/vc_row_inner][vc_separator][vc_row_inner][vc_column_inner width=&#8221;1\/2&#8243;][vc_column_text]<\/p>\n<h4><strong>Servi\u00e7os complementares<\/strong><\/h4>\n<p>[\/vc_column_text][vc_column_text css=&#8221;.vc_custom_1746488991691{margin-top: -30px !important;}&#8221;]<span style=\"font-size: 17px;\">Coordenador de Pra\u00e7a de Parque Especializada<\/span>[\/vc_column_text][vc_column_text css=&#8221;.vc_custom_1746489056063{margin-top: -30px !important;}&#8221;]\u2013 Dan\u00e7a Divertida<br \/>\n\u2013 Fotografia e v\u00eddeo<br \/>\n\u2013 Mestre de Cerim\u00f4nias<br \/>\n\u2013 Carro dos noivos com decora\u00e7\u00e3o<br \/>\n\u2013 Buqu\u00ea de noiva e buqu\u00ea para jogar<br \/>\n\u2013 Tarifas especiais em quartos de h\u00f3spedes<br \/>\n\u2013 Estacionamento<br \/>\n\u2013 Coordenador de Pra\u00e7a de Parque Especializada[\/vc_column_text][vc_separator][vc_column_text css=&#8221;.vc_custom_1746489012105{margin-top: -30px !important;}&#8221;]\u2013 Servi\u00e7o de ma\u00eetre e gar\u00e7om[\/vc_column_text][\/vc_column_inner][vc_column_inner width=&#8221;1\/2&#8243;][\/vc_column_inner][\/vc_row_inner][vc_empty_space height=&#8221;50&#8243; height2=&#8221;30&#8243;][\/vc_column][\/vc_row][vc_row full_width=&#8221;stretch_row&#8221; gap=&#8221;&#8221; css=&#8221;.vc_custom_1582574619051{background-color: #f4f4f4 !important;}&#8221;][vc_column][vc_empty_space height=&#8221;50&#8243; height2=&#8221;30&#8243;][vc_column_text css=&#8221;.vc_custom_1746088298315{margin-top: -30px !important;}&#8221;]<\/p>\n<h4 style=\"text-align: center;\">Cerim\u00f4nia Civil, Cerim\u00f4nia Religiosa, Anivers\u00e1rios, Uni\u00e3o Civil<\/h4>\n<h4 style=\"text-align: center;\">Contato (56-2) 2372 4016 \u2013 2372 4015 \u2013 2372 4003 \u2013 banqueting@parkplaza.cl<\/h4>\n<p>[\/vc_column_text][vc_empty_space height=&#8221;2&#8243; height2=&#8221;4&#8243;][vc_empty_space][\/vc_column][\/vc_row]<\/p>","protected":false},"excerpt":{"rendered":"<p>[vc_row full_width=&#8221;stretch_row&#8221; gap=&#8221;&#8221; parallax=&#8221;content-moving&#8221; parallax_image=&#8221;3541&#8243; css=&#8221;.vc_custom_1582573715003{padding-top: 180px !important;padding-bottom: 180px !important;}&#8221;][vc_column][\/vc_column][\/vc_row][vc_row full_width=&#8221;stretch_row&#8221; gap=&#8221;&#8221; parallax=&#8221;content-moving&#8221; css=&#8221;.vc_custom_1582570635442{margin-top: -20px !important;}&#8221;][vc_column][vc_empty_space height=&#8221;50&#8243; height2=&#8221;30&#8243;][vc_column_text] CASAMENTOS NO SANTIAGO PARK PLAZA [\/vc_column_text][vc_column_text css=&#8221;.vc_custom_1746088188721{margin-top: -30px !important;}&#8221;]Acompanhamos voc\u00ea no momento mais importante da sua vida, com a marca de eleg\u00e2ncia e distin\u00e7\u00e3o que nos caracteriza.[\/vc_column_text][vc_separator][vc_column_text] Uma experi\u00eancia inesquec\u00edvel [\/vc_column_text][vc_column_text css=&#8221;.vc_custom_1746088220757{margin-top: -30px !important;}&#8221;]Encontre tudo o que [&hellip;]<\/p>\n","protected":false},"author":1,"featured_media":0,"parent":0,"menu_order":0,"comment_status":"closed","ping_status":"closed","template":"","meta":{"footnotes":""},"class_list":["post-3540","page","type-page","status-publish","hentry"],"_links":{"self":[{"href":"https:\/\/www.parkplaza.cl\/pt\/wp-json\/wp\/v2\/pages\/3540","targetHints":{"allow":["GET"]}}],"collection":[{"href":"https:\/\/www.parkplaza.cl\/pt\/wp-json\/wp\/v2\/pages"}],"about":[{"href":"https:\/\/www.parkplaza.cl\/pt\/wp-json\/wp\/v2\/types\/page"}],"author":[{"embeddable":true,"href":"https:\/\/www.parkplaza.cl\/pt\/wp-json\/wp\/v2\/users\/1"}],"replies":[{"embeddable":true,"href":"https:\/\/www.parkplaza.cl\/pt\/wp-json\/wp\/v2\/comments?post=3540"}],"version-history":[{"count":48,"href":"https:\/\/www.parkplaza.cl\/pt\/wp-json\/wp\/v2\/pages\/3540\/revisions"}],"predecessor-version":[{"id":4059,"href":"https:\/\/www.parkplaza.cl\/pt\/wp-json\/wp\/v2\/pages\/3540\/revisions\/4059"}],"wp:attachment":[{"href":"https:\/\/www.parkplaza.cl\/pt\/wp-json\/wp\/v2\/media?parent=3540"}],"curies":[{"name":"wp","href":"https:\/\/api.w.org\/{rel}","templated":true}]}}