{"id":3899,"date":"2025-05-01T03:02:10","date_gmt":"2025-05-01T03:02:10","guid":{"rendered":"https:\/\/www.parkplaza.cl\/?page_id=3899"},"modified":"2026-03-31T16:36:21","modified_gmt":"2026-03-31T16:36:21","slug":"habitaciones","status":"publish","type":"page","link":"https:\/\/www.parkplaza.cl\/pt\/habitaciones\/","title":{"rendered":"Habitaciones"},"content":{"rendered":"<p>[vc_row full_width=&#8221;stretch_row&#8221; gap=&#8221;&#8221; parallax=&#8221;content-moving&#8221; parallax_image=&#8221;4110,4111,4112,4114&#8243; css=&#8221;.vc_custom_1750172237835{padding-top: 180px !important;padding-bottom: 180px !important;}&#8221;][vc_column][\/vc_column][\/vc_row][vc_row full_width=&#8221;stretch_row&#8221; gap=&#8221;&#8221; css=&#8221;.vc_custom_1582281894835{margin-top: -20px !important;}&#8221;][vc_column][vc_empty_space height=&#8221;50&#8243; height2=&#8221;30&#8243;][vc_column_text]<\/p>\n<h2>QUARTOS<\/h2>\n<p>[\/vc_column_text][vc_row_inner][vc_column_inner width=&#8221;1\/2&#8243;][vc_column_text css=&#8221;.vc_custom_1746569241890{margin-top: -30px !important;}&#8221;]Oferecendo servi\u00e7o 24 horas, o Park Plaza disp\u00f5e de quartos elegantes e confort\u00e1veis, dignos de um hotel boutique.[\/vc_column_text][\/vc_column_inner][vc_column_inner width=&#8221;1\/4&#8243;][vc_column_text css=&#8221;.vc_custom_1746087578687{margin-top: -30px !important;}&#8221;]\u2013 104 Quartos<br \/>\n\u2013 TV LCD e TV a cabo<br \/>\n\u2013 Internet Wi-Fi<br \/>\n\u2013 Ar condicionado<br \/>\n\u2013 Mesa[\/vc_column_text][\/vc_column_inner][vc_column_inner width=&#8221;1\/4&#8243;][vc_column_text css=&#8221;.vc_custom_1746087596669{margin-top: -30px !important;}&#8221;]\u2013 Cart\u00e3o magn\u00e9tico de entrada<br \/>\n\u2013 Detectores de fuma\u00e7a e sprinklers<br \/>\n\u2013 Cofre eletr\u00f4nico<br \/>\n\u2013 Alimenta\u00e7\u00e3o el\u00e9trica de 220 e 110 volts<br \/>\n\u2013 Secador de cabelo[\/vc_column_text][\/vc_column_inner][\/vc_row_inner][vc_empty_space height=&#8221;50&#8243; height2=&#8221;30&#8243;][\/vc_column][\/vc_row][vc_row full_width=&#8221;stretch_row&#8221; gap=&#8221;&#8221; parallax=&#8221;content-moving&#8221; overlay_color=&#8221;#f4f4f4&#8243; css=&#8221;.vc_custom_1582281151551{margin-bottom: 10px !important;padding-top: 20px !important;padding-bottom: 40px !important;}&#8221;][vc_column]<div class=\"verne-hotel-booking booking-style-1 id_169d8b4aa3a3941523878604   \">\n<div id=\"hotel-booking-search-69d8b4aa3a423\" class=\"hotel-booking-search\">\n\t\t\t<h3>RESERVA<\/h3>\n\t\n\t<form name=\"hb-search-form\" action=\"https:\/\/www.parkplaza.cl\/pt\/hotel-search\/\" class=\"hb-search-form-69d8b4aa3a422\">\n\t\t<ul class=\"hb-form-table\">\n\t\t\t<li class=\"hb-form-field\">\n\t\t\t\t<div>\n\t\t\t\t\t\n\t\t\t\t\t\n\t\t\t\t\t<label>Data de chegada<\/label>\t\t\t\t\t<div class=\"hb-form-field-input hb_input_field\">\n\t\t\t\t\t\t\t\t                \t<span class=\"month input-date\">Apr<\/span>\n\t\t                \t<span class=\"day input-date\">10<\/span>\n\t\t                \t<span class=\"year input-date\">2026<\/span>\n\t\t                \t\t\t\t\t\t<svg width=\"18px\" height=\"18px\" viewBox=\"0 0 18 18\" version=\"1.1\" xmlns=\"http:\/\/www.w3.org\/2000\/svg\">\n\t\t\t\t\t\t\t<line x1=\"0px\" x2=\"18px\" y1=\"0px\" y2=\"0\" stroke-width=\"2px\"><\/line>\n\t\t\t\t\t\t\t<rect x=\"0\" y=\"4px\" width=\"18px\" height=\"14px\" fill=\"transparent\" stroke-width=\"2px\"><\/rect>\n\t\t\t\t\t\t<\/svg>\n\t\t\t\t\t\t\n\t\t\t\t\t\t<input type=\"text\" name=\"check_in_date\" id=\"check_in_date_69d8b4aa3a422\" autocomplete=\"off\" class=\"hb_input_date_check\" value=\"\" placeholder=\"Data de chegada\"\/>\n\t\t\t\t\t<\/div>\n\t\t\t\t<\/div>\n\t\t\t<\/li>\n\n\t\t\t<li class=\"hb-form-field\">\n\t\t\t\t<div>\n\t\t\t\t\t<label>Data de sa\u00edda<\/label>\t\t\t\t\t<div class=\"hb-form-field-input hb_input_field\">\n\t\t\t\t\t\t\t\t                \t<span class=\"month input-date\">Apr<\/span>\n\t\t                \t<span class=\"day input-date\">11<\/span>\n\t\t                \t<span class=\"year input-date\">2026<\/span>\n\t\t                \t\t\t\t\t\t<svg width=\"18px\" height=\"18px\" viewBox=\"0 0 18 18\" version=\"1.1\" xmlns=\"http:\/\/www.w3.org\/2000\/svg\">\n\t\t\t\t\t\t\t<line x1=\"0px\" x2=\"18px\" y1=\"0px\" y2=\"0\" stroke-width=\"2px\"><\/line>\n\t\t\t\t\t\t\t<rect x=\"0\" y=\"4px\" width=\"18px\" height=\"14px\" fill=\"transparent\" stroke-width=\"2px\"><\/rect>\n\t\t\t\t\t\t<\/svg>\n\t\t\t\t\t\t<input type=\"text\" name=\"check_out_date\" id=\"check_out_date_69d8b4aa3a422\" autocomplete=\"off\" class=\"hb_input_date_check\" value=\"\" placeholder=\"Data de sa\u00edda\"\/>\n\t\t\t\t\t<\/div>\n\t\t\t\t<\/div>\n\t\t\t<\/li>\n\n\t\t\t<li class=\"hb-form-field\">\n\t\t\t\t<div>\n\t\t\t\t\t<label>Adultos<\/label>\t\t\t\t\t<div class=\"hb-form-field-input\">\n\t\t\t\t\t\t<span class=\"capacity\">0<\/span>\n\t\t\t\t\t\t<select name=\"adults_capacity\" ><option value=\"0\">Adultos<\/option><option value=\"1\">1<\/option><option value=\"2\">2<\/option><option value=\"3\">3<\/option><option value=\"4\">4<\/option><\/select>\t\t\t\t\t\t<svg version=\"1.1\" xmlns=\"http:\/\/www.w3.org\/2000\/svg\" viewBox=\"0 0 129 129\" xmlns:xlink=\"http:\/\/www.w3.org\/1999\/xlink\" enable-background=\"new 0 0 129 129\">\n\t\t\t\t\t\t\t<path d=\"m121.3,34.6c-1.6-1.6-4.2-1.6-5.8,0l-51,51.1-51.1-51.1c-1.6-1.6-4.2-1.6-5.8,0-1.6,1.6-1.6,4.2 0,5.8l53.9,53.9c0.8,0.8 1.8,1.2 2.9,1.2 1,0 2.1-0.4 2.9-1.2l53.9-53.9c1.7-1.6 1.7-4.2 0.1-5.8z\"><\/path>\n\t\t\t\t\t\t<\/svg>\n\t\t\t\t\t<\/div>\n\t\t\t\t<\/div>\n\t\t\t<\/li>\n\n\t\t\t<li class=\"hb-form-field\">\n\t\t\t\t<div>\n\t\t\t\t\t<label>Crian\u00e7as<\/label>\t\t\t\t\t<div class=\"hb-form-field-input\">\n\t\t\t\t\t\t<span class=\"capacity\">0<\/span>\n\t\t\t\t\t\t<select name=\"max_child\" ><option value=\"0\">Crian\u00e7as<\/option><option value=\"1\">1<\/option><option value=\"2\">2<\/option><\/select>\t\t\t\t\t\t<svg version=\"1.1\" xmlns=\"http:\/\/www.w3.org\/2000\/svg\" viewBox=\"0 0 129 129\" xmlns:xlink=\"http:\/\/www.w3.org\/1999\/xlink\" enable-background=\"new 0 0 129 129\">\n\t\t\t\t\t\t\t<path d=\"m121.3,34.6c-1.6-1.6-4.2-1.6-5.8,0l-51,51.1-51.1-51.1c-1.6-1.6-4.2-1.6-5.8,0-1.6,1.6-1.6,4.2 0,5.8l53.9,53.9c0.8,0.8 1.8,1.2 2.9,1.2 1,0 2.1-0.4 2.9-1.2l53.9-53.9c1.7-1.6 1.7-4.2 0.1-5.8z\"><\/path>\n\t\t\t\t\t\t<\/svg>\n\t\t\t\t\t<\/div>\n\t\t\t\t<\/div>\n\t\t\t<\/li>\n\t\t<\/ul>\n\t\t<input type=\"hidden\" id=\"nonce\" name=\"nonce\" value=\"761f688688\" \/><input type=\"hidden\" name=\"_wp_http_referer\" value=\"\/pt\/wp-json\/wp\/v2\/pages\/3899\" \/>\t\t<input type=\"hidden\" name=\"hotel-booking\" value=\"results\"\/>\n\t\t<input type=\"hidden\" name=\"widget-search\" value=\"\"\/>\n\t\t<input type=\"hidden\" name=\"action\" value=\"hotel_booking_parse_search_params\"\/>\n\t\t<p class=\"hb-submit\">\n\t\t\t<button type=\"submit\" class=\"btn no-hover btn-solid btn-accent btn-md\">verificar disponibilidade<\/button>\n\t\t<\/p>\n\t<\/form>\n<\/div><\/div><div class=\"custom-styles\" data-styles=\".id_169d8b4aa3a3941523878604.verne-hotel-booking:not(.booking-style-1) .hotel-booking-search .hb-form-table:after { background-color: ; } .id_169d8b4aa3a3941523878604.verne-hotel-booking .hotel-booking-search .hb-form-table .hb-form-field { color: ; border-color:  } .id_169d8b4aa3a3941523878604.verne-hotel-booking.booking-style-1 .hotel-booking-search:after { background-color: ; } .id_169d8b4aa3a3941523878604.verne-hotel-booking.booking-style-2 .hotel-booking-search .hb-form-table { border-color:  }\"><\/div>[\/vc_column][\/vc_row][vc_row][vc_column][vc_empty_space height=&#8221;50&#8243; height2=&#8221;30&#8243;][\/vc_column][\/vc_row][vc_row][vc_column width=&#8221;1\/4&#8243;][vc_column_text css=&#8221;.vc_custom_1746087607924{margin-bottom: -0px !important;}&#8221;]<\/p>\n<h4><a href=\"https:\/\/www.parkplaza.cl\/pt\/rooms\/standard-king\/\">Standard King<\/a><\/h4>\n<p>[\/vc_column_text][vc_single_image image=&#8221;4164&#8243; img_size=&#8221;large&#8221; onclick=&#8221;custom_link&#8221; link=&#8221;https:\/\/www.parkplaza.cl\/pt\/rooms\/standard-king\/&#8221;]<div class=\"btn-wrapper text-left id_169d8b4aa3b0141902181181   icon-left \" ><a href=\"https:\/\/www.parkplaza.cl\/pt\/rooms\/standard-king\/\"  class=\"btn no-hover btn-sm btn-accent btn-solid\" data-btn-text=\"Ver detalhes\">Ver detalhes<\/a><\/div>[\/vc_column][vc_column width=&#8221;1\/4&#8243;][vc_column_text css=&#8221;.vc_custom_1746082282877{margin-bottom: -0px !important;}&#8221;]<\/p>\n<h4><a href=\"https:\/\/www.parkplaza.cl\/en\/rooms\/standard-twin\/\">Standard Twin<\/a><\/h4>\n<p>[\/vc_column_text][vc_single_image image=&#8221;4165&#8243; img_size=&#8221;large&#8221; onclick=&#8221;custom_link&#8221; link=&#8221;https:\/\/www.parkplaza.cl\/pt\/rooms\/standard-twin\/&#8221;]<div class=\"btn-wrapper text-left id_169d8b4aa3b0891403492029   icon-left \" ><a href=\"https:\/\/www.parkplaza.cl\/pt\/rooms\/standard-twin\/\"  class=\"btn no-hover btn-sm btn-accent btn-solid\" data-btn-text=\"Ver detalhes\">Ver detalhes<\/a><\/div>[\/vc_column][vc_column width=&#8221;1\/4&#8243;][vc_column_text css=&#8221;.vc_custom_1746082305552{margin-bottom: -0px !important;}&#8221;]<\/p>\n<h4><a href=\"https:\/\/www.parkplaza.cl\/en\/rooms\/suite-park-club\/\">Suite Park Club<\/a><\/h4>\n<p>[\/vc_column_text][vc_single_image image=&#8221;3879&#8243; img_size=&#8221;large&#8221; onclick=&#8221;custom_link&#8221; link=&#8221;https:\/\/www.parkplaza.cl\/pt\/rooms\/suite-park-club\/&#8221;]<div class=\"btn-wrapper text-left id_169d8b4aa3b0b01199340343   icon-left \" ><a href=\"https:\/\/www.parkplaza.cl\/pt\/rooms\/suite-park-club\/\"  class=\"btn no-hover btn-sm btn-accent btn-solid\" data-btn-text=\"Ver detalhes\">Ver detalhes<\/a><\/div>[\/vc_column][vc_column width=&#8221;1\/4&#8243;][vc_column_text css=&#8221;.vc_custom_1746082325414{margin-bottom: -0px !important;}&#8221;]<\/p>\n<h4><a href=\"https:\/\/www.parkplaza.cl\/en\/rooms\/master-suite\/\">Master Suite<\/a><\/h4>\n<p>[\/vc_column_text][vc_single_image image=&#8221;4166&#8243; img_size=&#8221;large&#8221; onclick=&#8221;custom_link&#8221; link=&#8221;https:\/\/www.parkplaza.cl\/pt\/rooms\/master-suite\/&#8221;]<div class=\"btn-wrapper text-left id_169d8b4aa3b0c729459593   icon-left \" ><a href=\"https:\/\/www.parkplaza.cl\/pt\/rooms\/master-suite\/\"  class=\"btn no-hover btn-sm btn-accent btn-solid\" data-btn-text=\"Ver detalhes\">Ver detalhes<\/a><\/div>[\/vc_column][\/vc_row][vc_row][vc_column][vc_empty_space height=&#8221;50px&#8221;][\/vc_column][\/vc_row]<\/p>","protected":false},"excerpt":{"rendered":"<p>[vc_row full_width=&#8221;stretch_row&#8221; gap=&#8221;&#8221; parallax=&#8221;content-moving&#8221; parallax_image=&#8221;4110,4111,4112,4114&#8243; css=&#8221;.vc_custom_1750172237835{padding-top: 180px !important;padding-bottom: 180px !important;}&#8221;][vc_column][\/vc_column][\/vc_row][vc_row full_width=&#8221;stretch_row&#8221; gap=&#8221;&#8221; css=&#8221;.vc_custom_1582281894835{margin-top: -20px !important;}&#8221;][vc_column][vc_empty_space height=&#8221;50&#8243; height2=&#8221;30&#8243;][vc_column_text] QUARTOS [\/vc_column_text][vc_row_inner][vc_column_inner width=&#8221;1\/2&#8243;][vc_column_text css=&#8221;.vc_custom_1746569241890{margin-top: -30px !important;}&#8221;]Oferecendo servi\u00e7o 24 horas, o Park Plaza disp\u00f5e de quartos elegantes e confort\u00e1veis, dignos de um hotel boutique.[\/vc_column_text][\/vc_column_inner][vc_column_inner width=&#8221;1\/4&#8243;][vc_column_text css=&#8221;.vc_custom_1746087578687{margin-top: -30px !important;}&#8221;]\u2013 104 Quartos \u2013 TV LCD e TV a cabo \u2013 Internet [&hellip;]<\/p>\n","protected":false},"author":1,"featured_media":0,"parent":0,"menu_order":0,"comment_status":"closed","ping_status":"closed","template":"","meta":{"footnotes":""},"class_list":["post-3899","page","type-page","status-publish","hentry"],"_links":{"self":[{"href":"https:\/\/www.parkplaza.cl\/pt\/wp-json\/wp\/v2\/pages\/3899","targetHints":{"allow":["GET"]}}],"collection":[{"href":"https:\/\/www.parkplaza.cl\/pt\/wp-json\/wp\/v2\/pages"}],"about":[{"href":"https:\/\/www.parkplaza.cl\/pt\/wp-json\/wp\/v2\/types\/page"}],"author":[{"embeddable":true,"href":"https:\/\/www.parkplaza.cl\/pt\/wp-json\/wp\/v2\/users\/1"}],"replies":[{"embeddable":true,"href":"https:\/\/www.parkplaza.cl\/pt\/wp-json\/wp\/v2\/comments?post=3899"}],"version-history":[{"count":29,"href":"https:\/\/www.parkplaza.cl\/pt\/wp-json\/wp\/v2\/pages\/3899\/revisions"}],"predecessor-version":[{"id":4168,"href":"https:\/\/www.parkplaza.cl\/pt\/wp-json\/wp\/v2\/pages\/3899\/revisions\/4168"}],"wp:attachment":[{"href":"https:\/\/www.parkplaza.cl\/pt\/wp-json\/wp\/v2\/media?parent=3899"}],"curies":[{"name":"wp","href":"https:\/\/api.w.org\/{rel}","templated":true}]}}